{"id":476,"date":"2016-03-13T19:48:51","date_gmt":"2016-03-13T18:48:51","guid":{"rendered":"http:\/\/euroscola.hu\/en\/?page_id=476"},"modified":"2016-03-13T19:48:51","modified_gmt":"2016-03-13T18:48:51","slug":"rules","status":"publish","type":"page","link":"https:\/\/euroscola.hu\/en\/about\/rules\/","title":{"rendered":"Rules"},"content":{"rendered":"<h3>Mi is az az EUROSCOLA-program?<\/h3>\n<p style=\"text-align: justify;\">Az Eur\u00f3pai Uni\u00f3 szerepe \u00e9s helye a vil\u00e1gban meghat\u00e1rozza Eur\u00f3pa fiataljainak j\u00f6v\u0151j\u00e9t: az Uni\u00f3 teh\u00e1t nem maradhat t\u00e1voli miszt\u00e9rium e koroszt\u00e1ly el\u0151tt. Az eur\u00f3pai p\u00e1rbesz\u00e9dben val\u00f3 r\u00e9szv\u00e9tel, a k\u00fcl\u00f6nb\u00f6z\u0151s\u00e9g \u00e9s az egys\u00e9g megtapasztal\u00e1sa ez\u00e9rt d\u00f6nt\u0151 fontoss\u00e1g\u00fa minden fiatal sz\u00e1m\u00e1ra. E megfontol\u00e1sb\u00f3l hirdette meg az Eur\u00f3pai Parlament az EUROSCOLA-programot, amely lehet\u0151v\u00e9 teszi Eur\u00f3pa fiataljai sz\u00e1m\u00e1ra, hogy tal\u00e1lkozzanak, n\u00e9zeteiket megvitass\u00e1k, \u00e9s p\u00e1rbesz\u00e9det folytassanak Eur\u00f3pa j\u00f6v\u0151j\u00e9r\u0151l. A program kapcs\u00e1n 28 tag\u00e1llam 16-18 \u00e9v k\u00f6z\u00f6tti k\u00f6z\u00e9piskol\u00e1s di\u00e1kjai vehetnek r\u00e9szt az \u201eEur\u00f3pai Ifj\u00fas\u00e1gi Parlament\u201d form\u00e1j\u00e1ban megrendez\u00e9sre ker\u00fcl\u0151 tal\u00e1lkoz\u00f3kon az Eur\u00f3pai Parlament \u00fcl\u00e9sterm\u00e9ben, Strasbourgban.<\/p>\n<p style=\"text-align: justify;\">Az EUROSCOLA-program keret\u00e9ben minden \u00e9vben alkalmank\u00e9nt k\u00f6r\u00fclbel\u00fcl 500 k\u00f6z\u00e9piskol\u00e1s di\u00e1k l\u00e1togathat el az Eur\u00f3pai Parlamentbe, hogy a Parlament munk\u00e1j\u00e1val<br \/>\nismerkedjen, \u00e9s maga is r\u00e9szt vegyen abban. A program sor\u00e1n a r\u00e9sztvev\u0151k bevezet\u0151 el\u0151ad\u00e1st hallhatnak az eur\u00f3pai integr\u00e1ci\u00f3 f\u0151bb \u00e1llom\u00e1sair\u00f3l, ezt k\u00f6vet\u0151en a di\u00e1kok maguk is munkacsoportokat alak\u00edtanak, \u00e9s parlamenti vit\u00e1kban t\u00e1rgyalj\u00e1k meg az uni\u00f3s k\u00e9rd\u00e9seket. A vita lez\u00e1r\u00e1sa ut\u00e1n term\u00e9szetesen d\u00f6nt\u00e9shozatalra is sor ker\u00fcl, hiszen \u00edgy teljes a folyamat modellez\u00e9se. A programra az Eur\u00f3pai Parlament strasbourgi T\u00e1j\u00e9koztat\u00e1si Irod\u00e1ja el\u0151zetesen egy magyar nyelv\u0171 felk\u00e9sz\u00edt\u0151-t\u00e1bl\u00e1zatot, k\u00fcld, amely tartalmazza azokat a t\u00e9mak\u00f6r\u00f6ket, melyekb\u0151l a di\u00e1koknak fel kell k\u00e9sz\u00fclni\u00fck.<\/p>\n<p style=\"text-align: justify;\">Az EUROSCOLA-programban kiz\u00e1r\u00f3lag fels\u0151 tagozatos k\u00f6z\u00e9piskol\u00e1sok (16 &#8211; 18 \u00e9v) vehetnek r\u00e9szt, 26 f\u0151s csoportokban, 2 k\u00eds\u00e9r\u0151vel (24 di\u00e1k + 2 k\u00eds\u00e9r\u0151).<\/p>\n<p style=\"text-align: justify;\">Mivel az EUROSCOLA-program tal\u00e1lkoz\u00f3j\u00e1nak t\u00e1rgyal\u00e1si nyelve az angol, illetve a francia (n\u00e9met nyelvi tolm\u00e1csol\u00e1s el\u00e9rhet\u0151 a plen\u00e1ris \u00fcl\u00e9seken, de a munkacsoportok \u00fcl\u00e9sein nem), ez\u00e9rt a programban val\u00f3 r\u00e9szv\u00e9tel felt\u00e9tele fenti nyelvek egyik\u00e9nek magas szint\u0171 ismerete.<\/p>\n<p style=\"text-align: justify;\">\n","protected":false},"excerpt":{"rendered":"<p>Mi is az az EUROSCOLA-program? Az Eur\u00f3pai Uni\u00f3 szerepe \u00e9s helye a vil\u00e1gban meghat\u00e1rozza Eur\u00f3pa fiataljainak j\u00f6v\u0151j\u00e9t: az Uni\u00f3 teh\u00e1t <a class=\"more-link\" href=\"https:\/\/euroscola.hu\/en\/about\/rules\/\">[&#8230;]<\/a><\/p>\n","protected":false},"author":1,"featured_media":0,"parent":474,"menu_order":7,"comment_status":"closed","ping_status":"closed","template":"page-white-box-map.php","meta":{"footnotes":""},"class_list":["post-476","page","type-page","status-publish","hentry"],"_links":{"self":[{"href":"https:\/\/euroscola.hu\/en\/wp-json\/wp\/v2\/pages\/476","targetHints":{"allow":["GET"]}}],"collection":[{"href":"https:\/\/euroscola.hu\/en\/wp-json\/wp\/v2\/pages"}],"about":[{"href":"https:\/\/euroscola.hu\/en\/wp-json\/wp\/v2\/types\/page"}],"author":[{"embeddable":true,"href":"https:\/\/euroscola.hu\/en\/wp-json\/wp\/v2\/users\/1"}],"replies":[{"embeddable":true,"href":"https:\/\/euroscola.hu\/en\/wp-json\/wp\/v2\/comments?post=476"}],"version-history":[{"count":1,"href":"https:\/\/euroscola.hu\/en\/wp-json\/wp\/v2\/pages\/476\/revisions"}],"predecessor-version":[{"id":477,"href":"https:\/\/euroscola.hu\/en\/wp-json\/wp\/v2\/pages\/476\/revisions\/477"}],"up":[{"embeddable":true,"href":"https:\/\/euroscola.hu\/en\/wp-json\/wp\/v2\/pages\/474"}],"wp:attachment":[{"href":"https:\/\/euroscola.hu\/en\/wp-json\/wp\/v2\/media?parent=476"}],"curies":[{"name":"wp","href":"https:\/\/api.w.org\/{rel}","templated":true}]}}