{"id":531,"date":"2016-03-13T21:40:16","date_gmt":"2016-03-13T20:40:16","guid":{"rendered":"http:\/\/euroscola.hu\/en\/?page_id=531"},"modified":"2016-03-13T21:40:16","modified_gmt":"2016-03-13T20:40:16","slug":"game-procedure","status":"publish","type":"page","link":"https:\/\/euroscola.hu\/en\/about\/game-procedure\/","title":{"rendered":"Game procedure"},"content":{"rendered":"<h3>[TRANSLATE] 1. A versenyek id\u0151pontjai 2016-ban<\/h3>\n<p>Minden versenyid\u0151szakot tesztid\u0151szak, azaz pr\u00f3baverseny el\u0151z meg, mely sor\u00e1n a csapatok a versenyk\u00f6r\u00fclm\u00e9nyekhez teljesen hasonl\u00f3an tehetik pr\u00f3b\u00e1ra tud\u00e1sukat az Eur\u00f3pai Uni\u00f3r\u00f3l. A versenyek \u00fctemez\u00e9se 2015-2016-ban az al\u00e1bbiak szerint alakul:<br \/>\n<strong>Euroscola pr\u00f3baverseny<\/strong> : 2015 szeptember\u00e9t\u0151l &#8211; folyamatosan, kiv\u00e9ve a versenyid\u0151szakot (Az utols\u00f3 versenyid\u0151szak 2015. november\u00e9ben volt).<br \/>\nA pr\u00f3baverseny id\u0151szak\u00e1ban korl\u00e1toz\u00e1s n\u00e9lk\u00fcl lehet bel\u00e9pni a j\u00e1t\u00e9kalkalmaz\u00e1sba, megismerhet\u0151 a j\u00e1t\u00e9k valamennyi funkci\u00f3ja \u00e9s fejleszthet\u0151 a csapatok tud\u00e1sa az Eur\u00f3pai Uni\u00f3r\u00f3l. A pr\u00f3baverseny alatt nincs korl\u00e1tozva a bel\u00e9p\u00e9sek sz\u00e1ma, s\u0151t a j\u00e1t\u00e9khoz regisztr\u00e1ci\u00f3 sem sz\u00fcks\u00e9ges.<\/p>\n<p><strong>K\u00f6vetkez\u0151 \u00e9les versenyid\u0151szak<\/strong> : <strong>2016. tavasz\u00e1n v\u00e1rhat\u00f3<\/strong><br \/>\nA versenyben r\u00e9szt venni k\u00edv\u00e1n\u00f3 di\u00e1kok csapatait, a szab\u00e1lyoknak megfelel\u0151en , a csapatvezet\u0151 tan\u00e1rnak regisztr\u00e1lnia kell! A regisztr\u00e1ci\u00f3ra b\u00e1rmikor sor ker\u00fclhet, a j\u00e1t\u00e9kra kiz\u00e1r\u00f3lag a <a class=\"link\" href=\"http:\/\/www.euroscola.hu\">www.euroscola.hu<\/a> oldalon lehet regisztr\u00e1lni. A j\u00e1t\u00e9kra el\u00e9g egyszer regisztr\u00e1lni, teh\u00e1t ha egy iskola egy kor\u00e1bbi versenyid\u0151szakon m\u00e1r r\u00e9szt vett, akkor nem sz\u00fcks\u00e9ges \u00fajra regisztr\u00e1lni.<\/p>\n<p><strong>A strasbourgi nyerem\u00e9nyutak id\u0151pontjai<\/strong><br \/>\n2016. janu\u00e1r \u00e9s 2016. m\u00e1jus k\u00f6z\u00f6tt <strong>5 iskola<\/strong> kapott lehet\u0151s\u00e9get a strasbourgi programban val\u00f3 r\u00e9szv\u00e9telre.<\/p>\n<p><strong>Megjegyz\u00e9s: A versenyid\u0151szakban el\u00e9rt eredm\u00e9nyek alapj\u00e1n, a nyertes iskol\u00e1k egy-egy id\u0151pontot kapnak. Az utaz\u00e1s id\u0151pontj\u00e1t \u00e9s annak sorsz\u00e1m\u00e1t, a v\u00e9gleges Euroscola id\u0151pontok r\u00f6gz\u00edt\u00e9s\u00e9t k\u00f6vet\u0151en kapj\u00e1k meg a nyertesek. Ezeket az adatokat a nyertesek list\u00e1j\u00e1ban is felt\u00fcntetj\u00fck, illetve a verseny szervez\u0151je felveszi a kapcsolatot a nyertesekkel az utaz\u00e1s r\u00e9szleteinek egyeztet\u00e9se c\u00e9lj\u00e1b\u00f3l. A kapott kiutaz\u00e1si id\u0151ponton v\u00e1ltoztatni nem lehet.<\/strong><\/p>\n<h3>2. Egy\u00e9b tudnival\u00f3k<\/h3>\n<p>Tov\u00e1bbi inform\u00e1ci\u00f3k\u00e9rt k\u00e9rj\u00fck forduljon az Eur\u00f3pai Parlament T\u00e1j\u00e9koztat\u00e1si Irod\u00e1j\u00e1hoz annak el\u00e9rhet\u0151s\u00e9gein, vagy haszn\u00e1lja <a class=\"link\" href=\"http:\/\/euroscola.hu\/kapcsolat\/\">kapcsolatfelv\u00e9teli \u0171rlapunkat<\/a>!<\/p>\n","protected":false},"excerpt":{"rendered":"<p>[TRANSLATE] 1. A versenyek id\u0151pontjai 2016-ban Minden versenyid\u0151szakot tesztid\u0151szak, azaz pr\u00f3baverseny el\u0151z meg, mely sor\u00e1n a csapatok a versenyk\u00f6r\u00fclm\u00e9nyekhez teljesen <a class=\"more-link\" href=\"https:\/\/euroscola.hu\/en\/about\/game-procedure\/\">[&#8230;]<\/a><\/p>\n","protected":false},"author":1,"featured_media":0,"parent":474,"menu_order":3,"comment_status":"closed","ping_status":"closed","template":"page-white-box.php","meta":{"footnotes":""},"class_list":["post-531","page","type-page","status-publish","hentry"],"_links":{"self":[{"href":"https:\/\/euroscola.hu\/en\/wp-json\/wp\/v2\/pages\/531","targetHints":{"allow":["GET"]}}],"collection":[{"href":"https:\/\/euroscola.hu\/en\/wp-json\/wp\/v2\/pages"}],"about":[{"href":"https:\/\/euroscola.hu\/en\/wp-json\/wp\/v2\/types\/page"}],"author":[{"embeddable":true,"href":"https:\/\/euroscola.hu\/en\/wp-json\/wp\/v2\/users\/1"}],"replies":[{"embeddable":true,"href":"https:\/\/euroscola.hu\/en\/wp-json\/wp\/v2\/comments?post=531"}],"version-history":[{"count":1,"href":"https:\/\/euroscola.hu\/en\/wp-json\/wp\/v2\/pages\/531\/revisions"}],"predecessor-version":[{"id":532,"href":"https:\/\/euroscola.hu\/en\/wp-json\/wp\/v2\/pages\/531\/revisions\/532"}],"up":[{"embeddable":true,"href":"https:\/\/euroscola.hu\/en\/wp-json\/wp\/v2\/pages\/474"}],"wp:attachment":[{"href":"https:\/\/euroscola.hu\/en\/wp-json\/wp\/v2\/media?parent=531"}],"curies":[{"name":"wp","href":"https:\/\/api.w.org\/{rel}","templated":true}]}}