{"id":533,"date":"2016-03-13T21:41:06","date_gmt":"2016-03-13T20:41:06","guid":{"rendered":"http:\/\/euroscola.hu\/en\/?page_id=533"},"modified":"2016-03-13T21:41:06","modified_gmt":"2016-03-13T20:41:06","slug":"legend","status":"publish","type":"page","link":"https:\/\/euroscola.hu\/en\/about\/legend\/","title":{"rendered":"Legend"},"content":{"rendered":"<p>[TRANSLATE] Mind a pr\u00f3baj\u00e1t\u00e9kban, mind az \u00e9les j\u00e1t\u00e9kben 10 kateg\u00f3ria k\u00e9rd\u00e9sei ker\u00fclnek v\u00e9letlenszer\u0171 lev\u00e1logat\u00e1sra. Ezekhez a kateg\u00f3ri\u00e1khoz egy-egy embl\u00e9ma is tartozik, amelyet mindig a k\u00e9rd\u00e9s sz\u00f6veg\u00e9t\u0151l balra l\u00e1tsz, a kateg\u00f3ria nev\u00e9vel egy\u00fctt.<\/p>\n<p><strong>Itt l\u00e1thatod, hogy melyik 10 t\u00e9mak\u00f6rben sz\u00e1m\u00edthatsz k\u00e9rd\u00e9sekre.<\/strong><\/p>\n","protected":false},"excerpt":{"rendered":"<p>[TRANSLATE] Mind a pr\u00f3baj\u00e1t\u00e9kban, mind az \u00e9les j\u00e1t\u00e9kben 10 kateg\u00f3ria k\u00e9rd\u00e9sei ker\u00fclnek v\u00e9letlenszer\u0171 lev\u00e1logat\u00e1sra. Ezekhez a kateg\u00f3ri\u00e1khoz egy-egy embl\u00e9ma is <a class=\"more-link\" href=\"https:\/\/euroscola.hu\/en\/about\/legend\/\">[&#8230;]<\/a><\/p>\n","protected":false},"author":1,"featured_media":0,"parent":474,"menu_order":6,"comment_status":"closed","ping_status":"closed","template":"page-legend.php","meta":{"footnotes":""},"class_list":["post-533","page","type-page","status-publish","hentry"],"_links":{"self":[{"href":"https:\/\/euroscola.hu\/en\/wp-json\/wp\/v2\/pages\/533","targetHints":{"allow":["GET"]}}],"collection":[{"href":"https:\/\/euroscola.hu\/en\/wp-json\/wp\/v2\/pages"}],"about":[{"href":"https:\/\/euroscola.hu\/en\/wp-json\/wp\/v2\/types\/page"}],"author":[{"embeddable":true,"href":"https:\/\/euroscola.hu\/en\/wp-json\/wp\/v2\/users\/1"}],"replies":[{"embeddable":true,"href":"https:\/\/euroscola.hu\/en\/wp-json\/wp\/v2\/comments?post=533"}],"version-history":[{"count":1,"href":"https:\/\/euroscola.hu\/en\/wp-json\/wp\/v2\/pages\/533\/revisions"}],"predecessor-version":[{"id":534,"href":"https:\/\/euroscola.hu\/en\/wp-json\/wp\/v2\/pages\/533\/revisions\/534"}],"up":[{"embeddable":true,"href":"https:\/\/euroscola.hu\/en\/wp-json\/wp\/v2\/pages\/474"}],"wp:attachment":[{"href":"https:\/\/euroscola.hu\/en\/wp-json\/wp\/v2\/media?parent=533"}],"curies":[{"name":"wp","href":"https:\/\/api.w.org\/{rel}","templated":true}]}}