{"id":535,"date":"2016-03-13T21:41:35","date_gmt":"2016-03-13T20:41:35","guid":{"rendered":"http:\/\/euroscola.hu\/en\/?page_id=535"},"modified":"2016-03-13T21:41:35","modified_gmt":"2016-03-13T20:41:35","slug":"1-description-of-euroscola-online-game","status":"publish","type":"page","link":"https:\/\/euroscola.hu\/en\/about\/rules\/1-description-of-euroscola-online-game\/","title":{"rendered":"1. Description of EUROSCOLA online game"},"content":{"rendered":"<p>[TRANSLATE] Az EUROSCOLA-j\u00e1t\u00e9k egy internetes kv\u00edzj\u00e1t\u00e9k, amelyet az Eur\u00f3pai Parlament magyarorsz\u00e1gi T\u00e1j\u00e9koztat\u00e1si Irod\u00e1ja szervez, magyarorsz\u00e1gi oktat\u00e1si int\u00e9zm\u00e9nyek k\u00f6z\u00e9piskol\u00e1s (16-18 \u00e9v)* di\u00e1kjai sz\u00e1m\u00e1ra. A legjobban teljes\u00edt\u0151 csapatok (24 di\u00e1k + 2 k\u00eds\u00e9r\u0151) nyerem\u00e9nye az EUROSCOLA-programban val\u00f3 r\u00e9szv\u00e9tel, melynek helysz\u00edne Strasbourg, az Eur\u00f3pai Parlament egyik sz\u00e9khelye.<\/p>\n<p>A jelentkez\u00e9s el\u0151tt a r\u00e9sztvev\u0151 iskol\u00e1k felk\u00e9sz\u00edt\u0151 tan\u00e1rt v\u00e1lasztanak, aki a vet\u00e9lked\u0151 internetes oldal\u00e1n regisztr\u00e1lja a csoportot. Az online versenyben r\u00e9sztvev\u0151 csapatot a felk\u00e9sz\u00edt\u0151 tan\u00e1r \u00e1ll\u00edtja \u00f6ssze, figyelembe v\u00e9ve a r\u00e9szv\u00e9teli felt\u00e9teleket. A nyertes csapat az iskol\u00e1ja r\u00e9sz\u00e9re nyeri a r\u00e9szv\u00e9teli lehet\u0151s\u00e9get: ennek megfelel\u0151en a kiutaz\u00f3 di\u00e1kok nem felt\u00e9tlen\u00fcl kell, hogy megegyezzenek az online EUROSCOLA-j\u00e1t\u00e9kon r\u00e9szt vev\u0151 di\u00e1kokkal. A kiutaz\u00f3 csapat \u00f6ssze\u00e1ll\u00edt\u00e1sa a nyertes iskola felel\u0151ss\u00e9gi k\u00f6r\u00e9be tartozik, azonban szakmai szempontb\u00f3l az online j\u00e1t\u00e9kban r\u00e9sztvev\u0151 di\u00e1kok kiutaztat\u00e1sa javasolt.<\/p>\n<p><a class=\"link\" href=\"http:\/\/www.euroscola.hu\">www.euroscola.hu <\/a><\/p>\n<ul>\n<li>Csak az a k\u00f6z\u00e9piskol\u00e1s di\u00e1k utazhat ki, aki a kiutaz\u00e1s napj\u00e1n (Euroscola program napja) bet\u00f6lt\u00f6tte 16. sz\u00fclet\u00e9snapj\u00e1t, a bet\u00f6lt\u00f6tt 18. \u00e9let\u00e9v nem kiz\u00e1r\u00f3 felt\u00e9tel.<\/li>\n<\/ul>\n","protected":false},"excerpt":{"rendered":"<p>[TRANSLATE] Az EUROSCOLA-j\u00e1t\u00e9k egy internetes kv\u00edzj\u00e1t\u00e9k, amelyet az Eur\u00f3pai Parlament magyarorsz\u00e1gi T\u00e1j\u00e9koztat\u00e1si Irod\u00e1ja szervez, magyarorsz\u00e1gi oktat\u00e1si int\u00e9zm\u00e9nyek k\u00f6z\u00e9piskol\u00e1s (16-18 \u00e9v)* <a class=\"more-link\" href=\"https:\/\/euroscola.hu\/en\/about\/rules\/1-description-of-euroscola-online-game\/\">[&#8230;]<\/a><\/p>\n","protected":false},"author":1,"featured_media":0,"parent":476,"menu_order":0,"comment_status":"closed","ping_status":"closed","template":"page-white-box-map.php","meta":{"footnotes":""},"class_list":["post-535","page","type-page","status-publish","hentry"],"_links":{"self":[{"href":"https:\/\/euroscola.hu\/en\/wp-json\/wp\/v2\/pages\/535","targetHints":{"allow":["GET"]}}],"collection":[{"href":"https:\/\/euroscola.hu\/en\/wp-json\/wp\/v2\/pages"}],"about":[{"href":"https:\/\/euroscola.hu\/en\/wp-json\/wp\/v2\/types\/page"}],"author":[{"embeddable":true,"href":"https:\/\/euroscola.hu\/en\/wp-json\/wp\/v2\/users\/1"}],"replies":[{"embeddable":true,"href":"https:\/\/euroscola.hu\/en\/wp-json\/wp\/v2\/comments?post=535"}],"version-history":[{"count":1,"href":"https:\/\/euroscola.hu\/en\/wp-json\/wp\/v2\/pages\/535\/revisions"}],"predecessor-version":[{"id":536,"href":"https:\/\/euroscola.hu\/en\/wp-json\/wp\/v2\/pages\/535\/revisions\/536"}],"up":[{"embeddable":true,"href":"https:\/\/euroscola.hu\/en\/wp-json\/wp\/v2\/pages\/476"}],"wp:attachment":[{"href":"https:\/\/euroscola.hu\/en\/wp-json\/wp\/v2\/media?parent=535"}],"curies":[{"name":"wp","href":"https:\/\/api.w.org\/{rel}","templated":true}]}}