{"id":537,"date":"2016-03-13T21:42:07","date_gmt":"2016-03-13T20:42:07","guid":{"rendered":"http:\/\/euroscola.hu\/en\/?page_id=537"},"modified":"2016-03-13T21:42:07","modified_gmt":"2016-03-13T20:42:07","slug":"2-rules-of-euroscola","status":"publish","type":"page","link":"https:\/\/euroscola.hu\/en\/about\/rules\/2-rules-of-euroscola\/","title":{"rendered":"2. Rules of EUROSCOLA"},"content":{"rendered":"<p>[TRANSLATE] A vet\u00e9lked\u0151 c\u00e9lja a legjobb csapatok kiv\u00e1laszt\u00e1sa, akik elutazhatnak a strasbourgi EUROSCOLA-programra. Az EUROSCOLA-program r\u00e9szleteir\u0151l \u00e9s a kiutaz\u00e1sok tervezett id\u0151pontjair\u00f3l az &#8220;Id\u0151pontok&#8221; men\u00fcben olvashat b\u0151vebben.<br \/>\nAz interakt\u00edv vet\u00e9lked\u0151 nyertese az a csapat, amely a legr\u00f6videbb id\u0151 alatt a legt\u00f6bb helyes v\u00e1laszt adja a kapott k\u00e9rd\u00e9sekre. A kiutaz\u00e1sra kiv\u00e1lasztott nyertes csapat k\u00fcl\u00f6nb\u00f6z\u0151 oszt\u00e1lyok di\u00e1kjaib\u00f3l is \u00e1llhat.<\/p>\n<p>A vet\u00e9lked\u0151 r\u00e9szei:<\/p>\n<p>1. Az \u00e9venk\u00e9nt k\u00e9tszer megrendez\u00e9sre ker\u00fcl\u0151 \u00e9les versenyid\u0151szak kiv\u00e9tel\u00e9vel eg\u00e9sz \u00e9vben el\u00e9rhet\u0151 pr\u00f3baverseny, melyen b\u00e1rki r\u00e9szt vehet (felk\u00e9sz\u00fcl\u00e9si lehet\u0151s\u00e9g a di\u00e1kok \u00e9s a csapat r\u00e9sz\u00e9re).<br \/>\n2. A hivatalos versenyid\u0151szak, melyen kiz\u00e1r\u00f3lag a regisztr\u00e1ci\u00f3s adatlappal regisztr\u00e1lt csapatok vehetnek r\u00e9szt. A versenyid\u0151szak pontos id\u0151pontj\u00e1r\u00f3l a T\u00e1j\u00e9koztat\u00e1si Iroda online felh\u00edv\u00e1st tesz k\u00f6zz\u00e9. Egy tan\u00e9vben k\u00e9tszer \u2013 az els\u0151 \u00e9s m\u00e1sodik f\u00e9l\u00e9vben (\u00e1prilis, okt\u00f3ber) &#8211; ker\u00fcl sor a verseny meghirdet\u00e9s\u00e9re. A nyertes csapatok kiutaz\u00e1s\u00e1ra a j\u00e1t\u00e9kot k\u00f6vet\u0151 f\u00e9l\u00e9vben ker\u00fcl sor.<br \/>\n3. A nyertes csapat kiutaz\u00e1sa az EUROSCOLA-programra az Eur\u00f3pai Parlament sz\u00e9khely\u00e9re, Strasbourgba.<\/p>\n","protected":false},"excerpt":{"rendered":"<p>[TRANSLATE] A vet\u00e9lked\u0151 c\u00e9lja a legjobb csapatok kiv\u00e1laszt\u00e1sa, akik elutazhatnak a strasbourgi EUROSCOLA-programra. Az EUROSCOLA-program r\u00e9szleteir\u0151l \u00e9s a kiutaz\u00e1sok tervezett <a class=\"more-link\" href=\"https:\/\/euroscola.hu\/en\/about\/rules\/2-rules-of-euroscola\/\">[&#8230;]<\/a><\/p>\n","protected":false},"author":1,"featured_media":0,"parent":476,"menu_order":0,"comment_status":"closed","ping_status":"closed","template":"page-white-box-map.php","meta":{"footnotes":""},"class_list":["post-537","page","type-page","status-publish","hentry"],"_links":{"self":[{"href":"https:\/\/euroscola.hu\/en\/wp-json\/wp\/v2\/pages\/537","targetHints":{"allow":["GET"]}}],"collection":[{"href":"https:\/\/euroscola.hu\/en\/wp-json\/wp\/v2\/pages"}],"about":[{"href":"https:\/\/euroscola.hu\/en\/wp-json\/wp\/v2\/types\/page"}],"author":[{"embeddable":true,"href":"https:\/\/euroscola.hu\/en\/wp-json\/wp\/v2\/users\/1"}],"replies":[{"embeddable":true,"href":"https:\/\/euroscola.hu\/en\/wp-json\/wp\/v2\/comments?post=537"}],"version-history":[{"count":1,"href":"https:\/\/euroscola.hu\/en\/wp-json\/wp\/v2\/pages\/537\/revisions"}],"predecessor-version":[{"id":538,"href":"https:\/\/euroscola.hu\/en\/wp-json\/wp\/v2\/pages\/537\/revisions\/538"}],"up":[{"embeddable":true,"href":"https:\/\/euroscola.hu\/en\/wp-json\/wp\/v2\/pages\/476"}],"wp:attachment":[{"href":"https:\/\/euroscola.hu\/en\/wp-json\/wp\/v2\/media?parent=537"}],"curies":[{"name":"wp","href":"https:\/\/api.w.org\/{rel}","templated":true}]}}