{"id":541,"date":"2016-03-13T21:43:00","date_gmt":"2016-03-13T20:43:00","guid":{"rendered":"http:\/\/euroscola.hu\/en\/?page_id=541"},"modified":"2016-03-13T21:43:00","modified_gmt":"2016-03-13T20:43:00","slug":"2-2-system-requirements","status":"publish","type":"page","link":"https:\/\/euroscola.hu\/en\/about\/rules\/2-2-system-requirements\/","title":{"rendered":"2.2 System requirements"},"content":{"rendered":"<ul>\n<li style=\"text-align: justify;\"><strong>Google Chrome<\/strong> (v45 \u00e9s f\u00f6l\u00f6tte),<\/li>\n<li style=\"text-align: justify;\"><strong>Firefox<\/strong> (v43 \u00e9s f\u00f6l\u00f6tte),<\/li>\n<li style=\"text-align: justify;\"><strong>Safari<\/strong> (v9 \u00e9s f\u00f6l\u00f6tte),<\/li>\n<li style=\"text-align: justify;\"><strong>Opera<\/strong> (v3 \u00e9s f\u00f6l\u00f6tte),<\/li>\n<li style=\"text-align: justify;\"><strong>iOS Safari<\/strong> (minimum v8.4),<\/li>\n<li style=\"text-align: justify;\"><strong>Internet Explorer 10<\/strong>\u00a0(vagy ef\u00f6l\u00f6tti),<\/li>\n<li style=\"text-align: justify;\"><strong>Microsoft Edge 13<\/strong> (vagy f\u00f6l\u00f6tte),<\/li>\n<li style=\"text-align: justify;\"><strong>Android <\/strong>(nat\u00edv b\u00f6ng\u00e9sz\u0151; minimum v4.3),<\/li>\n<li style=\"text-align: justify;\"><strong>Chrome for Android<\/strong> (v47 vagy f\u00f6l\u00f6tte)<\/li>\n<\/ul>\n<p><a href=\"http:\/\/euroscola.hu\/support\/\" target=\"_blank\">Technikai seg\u00edts\u00e9g<\/a><\/p>\n<p>[TRANSLATE]<\/p>\n","protected":false},"excerpt":{"rendered":"<p>Google Chrome (v45 \u00e9s f\u00f6l\u00f6tte), Firefox (v43 \u00e9s f\u00f6l\u00f6tte), Safari (v9 \u00e9s f\u00f6l\u00f6tte), Opera (v3 \u00e9s f\u00f6l\u00f6tte), iOS Safari (minimum <a class=\"more-link\" href=\"https:\/\/euroscola.hu\/en\/about\/rules\/2-2-system-requirements\/\">[&#8230;]<\/a><\/p>\n","protected":false},"author":1,"featured_media":0,"parent":476,"menu_order":0,"comment_status":"closed","ping_status":"closed","template":"page-white-box-map.php","meta":{"footnotes":""},"class_list":["post-541","page","type-page","status-publish","hentry"],"_links":{"self":[{"href":"https:\/\/euroscola.hu\/en\/wp-json\/wp\/v2\/pages\/541","targetHints":{"allow":["GET"]}}],"collection":[{"href":"https:\/\/euroscola.hu\/en\/wp-json\/wp\/v2\/pages"}],"about":[{"href":"https:\/\/euroscola.hu\/en\/wp-json\/wp\/v2\/types\/page"}],"author":[{"embeddable":true,"href":"https:\/\/euroscola.hu\/en\/wp-json\/wp\/v2\/users\/1"}],"replies":[{"embeddable":true,"href":"https:\/\/euroscola.hu\/en\/wp-json\/wp\/v2\/comments?post=541"}],"version-history":[{"count":1,"href":"https:\/\/euroscola.hu\/en\/wp-json\/wp\/v2\/pages\/541\/revisions"}],"predecessor-version":[{"id":542,"href":"https:\/\/euroscola.hu\/en\/wp-json\/wp\/v2\/pages\/541\/revisions\/542"}],"up":[{"embeddable":true,"href":"https:\/\/euroscola.hu\/en\/wp-json\/wp\/v2\/pages\/476"}],"wp:attachment":[{"href":"https:\/\/euroscola.hu\/en\/wp-json\/wp\/v2\/media?parent=541"}],"curies":[{"name":"wp","href":"https:\/\/api.w.org\/{rel}","templated":true}]}}