{"id":543,"date":"2016-03-13T21:44:44","date_gmt":"2016-03-13T20:44:44","guid":{"rendered":"http:\/\/euroscola.hu\/en\/?page_id=543"},"modified":"2016-03-13T21:44:44","modified_gmt":"2016-03-13T20:44:44","slug":"3-rules-for-registering","status":"publish","type":"page","link":"https:\/\/euroscola.hu\/en\/about\/rules\/3-rules-for-registering\/","title":{"rendered":"3. Rules for registering"},"content":{"rendered":"<p style=\"text-align: justify;\">[TRANSLATE] Az internetes j\u00e1t\u00e9kban val\u00f3 regisztr\u00e1ci\u00f3t a felk\u00e9sz\u00edt\u0151 tan\u00e1rok v\u00e9gzik el a \u201eregisztr\u00e1ci\u00f3s\u201d \u0171rlap mez\u0151inek kit\u00f6lt\u00e9s\u00e9vel. Iskol\u00e1nk\u00e9nt (saj\u00e1t OM sz\u00e1mmal illetve szakk\u00e9pz\u00e9si centrumok eset\u00e9n saj\u00e1t telephely azonos\u00edt\u00f3val rendelkez\u0151 oktat\u00e1si int\u00e9zm\u00e9nyenk\u00e9nt) egy regisztr\u00e1ci\u00f3t fogadunk el, amelyet a verseny IT adminisztr\u00e1tora hagy j\u00f3v\u00e1. Amennyiben egy iskol\u00e1nak t\u00f6bb regisztr\u00e1ci\u00f3ja is \u00e9rv\u00e9nyben marad, abban az esetben a legels\u0151k\u00e9nt regisztr\u00e1lt csapat eredm\u00e9ny\u00e9t vessz\u00fck figyelembe.<\/p>\n<p>A regisztr\u00e1ci\u00f3 sor\u00e1n a felk\u00e9sz\u00edt\u0151 tan\u00e1r k\u00f6teles a k\u00f6vetkez\u0151 inform\u00e1ci\u00f3kat felt\u00fcntetni a regisztr\u00e1ci\u00f3s \u0171rlapon:<\/p>\n<ul>\n<li>Az iskola t\u00edpusa (gimn\u00e1zium\/szakk\u00f6z\u00e9piskola),<\/li>\n<li>Az iskola neve,<\/li>\n<li>Megye,<\/li>\n<li>Az iskola c\u00edme \u2013 utca, ir\u00e1ny\u00edt\u00f3sz\u00e1m, v\u00e1ros,<\/li>\n<li>Az iskola telefonsz\u00e1ma, faxsz\u00e1ma,<\/li>\n<li>Az iskola e-mail c\u00edme,<\/li>\n<li>A csapat neve,<\/li>\n<li>A felk\u00e9sz\u00edt\u0151 tan\u00e1r vezet\u00e9kneve \u00e9s keresztneve,<\/li>\n<li>A felk\u00e9sz\u00edt\u0151 tan\u00e1r telefonsz\u00e1ma,<\/li>\n<li>A felk\u00e9sz\u00edt\u0151 tan\u00e1r e-mail c\u00edme.<\/li>\n<\/ul>\n<p style=\"text-align: justify;\">A csapatot regisztr\u00e1l\u00f3 pedag\u00f3gus elfogadja az EUROSCOLA-j\u00e1t\u00e9k r\u00e9szv\u00e9teli felt\u00e9teleit \u00e9s beleegyezik a szem\u00e9lyes adatok feldolgoz\u00e1s\u00e1ba a vet\u00e9lked\u0151 keretein bel\u00fcl. (A regisztr\u00e1lt adatokat az Eur\u00f3pai Parlament T\u00e1j\u00e9koztat\u00e1si Irod\u00e1ja a vonatkoz\u00f3 adatv\u00e9delmi jogszab\u00e1lyoknak megfelel\u0151en kezeli.)<\/p>\n<p style=\"text-align: justify;\">A regisztr\u00e1ci\u00f3t az Eur\u00f3pai Parlament T\u00e1j\u00e9koztat\u00e1si Irod\u00e1ja legk\u00e9s\u0151bb a jelentkez\u00e9st k\u00f6vet\u0151 munkanapon (munkaid\u0151ben) e-mail form\u00e1j\u00e1ban meger\u0151s\u00edti. A regisztr\u00e1ci\u00f3 meger\u0151s\u00edt\u00e9se ut\u00e1n a felk\u00e9sz\u00edt\u0151 tan\u00e1r e-mail \u00fczenet form\u00e1j\u00e1ban megkapja azt a felhaszn\u00e1l\u00f3nevet \u00e9s a jelsz\u00f3t, amelyek a kv\u00edz megold\u00e1s\u00e1hoz val\u00f3 bejelentkez\u00e9shez sz\u00fcks\u00e9gesek. Ezt a regisztr\u00e1ci\u00f3t tudj\u00e1k haszn\u00e1lni a j\u00f6v\u0151ben minden versenyid\u0151szakban, teh\u00e1t NEM kell a regisztr\u00e1ci\u00f3t f\u00e9l\u00e9vente megism\u00e9telni, az nem \u00e9v\u00fcl el.<\/p>\n<p style=\"text-align: justify;\">A verseny c\u00e9lja, illetve a nyer\u00e9si es\u00e9lyek n\u00f6vel\u00e9se \u00e9rdek\u00e9ben javasoljuk, hogy a vet\u00e9lked\u0151 id\u0151tartama alatt a di\u00e1kok a kv\u00edzt k\u00f6z\u00f6sen, a tan\u00e1r fel\u00fcgyelete alatt oldj\u00e1k meg, \u00edgy biztos\u00edtva a min\u00e9l sz\u00e9lesebb spektrum\u00fa tud\u00e1sb\u00e1zist a kv\u00edz megold\u00e1s\u00e1hoz.<\/p>\n","protected":false},"excerpt":{"rendered":"<p>[TRANSLATE] Az internetes j\u00e1t\u00e9kban val\u00f3 regisztr\u00e1ci\u00f3t a felk\u00e9sz\u00edt\u0151 tan\u00e1rok v\u00e9gzik el a \u201eregisztr\u00e1ci\u00f3s\u201d \u0171rlap mez\u0151inek kit\u00f6lt\u00e9s\u00e9vel. Iskol\u00e1nk\u00e9nt (saj\u00e1t OM sz\u00e1mmal <a class=\"more-link\" href=\"https:\/\/euroscola.hu\/en\/about\/rules\/3-rules-for-registering\/\">[&#8230;]<\/a><\/p>\n","protected":false},"author":1,"featured_media":0,"parent":476,"menu_order":0,"comment_status":"closed","ping_status":"closed","template":"page-white-box-map.php","meta":{"footnotes":""},"class_list":["post-543","page","type-page","status-publish","hentry"],"_links":{"self":[{"href":"https:\/\/euroscola.hu\/en\/wp-json\/wp\/v2\/pages\/543","targetHints":{"allow":["GET"]}}],"collection":[{"href":"https:\/\/euroscola.hu\/en\/wp-json\/wp\/v2\/pages"}],"about":[{"href":"https:\/\/euroscola.hu\/en\/wp-json\/wp\/v2\/types\/page"}],"author":[{"embeddable":true,"href":"https:\/\/euroscola.hu\/en\/wp-json\/wp\/v2\/users\/1"}],"replies":[{"embeddable":true,"href":"https:\/\/euroscola.hu\/en\/wp-json\/wp\/v2\/comments?post=543"}],"version-history":[{"count":1,"href":"https:\/\/euroscola.hu\/en\/wp-json\/wp\/v2\/pages\/543\/revisions"}],"predecessor-version":[{"id":544,"href":"https:\/\/euroscola.hu\/en\/wp-json\/wp\/v2\/pages\/543\/revisions\/544"}],"up":[{"embeddable":true,"href":"https:\/\/euroscola.hu\/en\/wp-json\/wp\/v2\/pages\/476"}],"wp:attachment":[{"href":"https:\/\/euroscola.hu\/en\/wp-json\/wp\/v2\/media?parent=543"}],"curies":[{"name":"wp","href":"https:\/\/api.w.org\/{rel}","templated":true}]}}