{"id":547,"date":"2016-03-13T21:45:37","date_gmt":"2016-03-13T20:45:37","guid":{"rendered":"http:\/\/euroscola.hu\/en\/?page_id=547"},"modified":"2016-03-13T21:45:37","modified_gmt":"2016-03-13T20:45:37","slug":"5-euroscola-online-game-first-prize","status":"publish","type":"page","link":"https:\/\/euroscola.hu\/en\/about\/rules\/5-euroscola-online-game-first-prize\/","title":{"rendered":"5. EUROSCOLA online game first prize"},"content":{"rendered":"<p style=\"text-align: justify;\">[TRANSLATE] A vet\u00e9lked\u0151 f\u0151d\u00edja a strasbourgi EUROSCOLA-programra val\u00f3 kiutaz\u00e1s t\u00e1mogat\u00e1sa.<\/p>\n<p style=\"text-align: justify;\">Mi t\u00f6rt\u00e9nik a nyertes csapat kiv\u00e1laszt\u00e1sa ut\u00e1n?<\/p>\n<p style=\"text-align: justify;\">5.1 A program lebonyol\u00edt\u00e1s\u00e1\u00e9rt felel\u0151s Eur\u00f3pai Parlament T\u00e1j\u00e9koztat\u00e1si Irod\u00e1ja Magyarorsz\u00e1gon elk\u00fcldi a nyertes iskola nev\u00e9t a strasbourgi Euroscola-programot lebonyol\u00edt\u00f3, Eur\u00f3pai Parlament strasbourgi T\u00e1j\u00e9koztat\u00e1si Irod\u00e1j\u00e1nak.<\/p>\n<p style=\"text-align: justify;\">5.2 Az Eur\u00f3pai Parlament strasbourgi T\u00e1j\u00e9koztat\u00e1si Irod\u00e1ja \u00edr\u00e1sos megh\u00edv\u00f3t k\u00fcld a nyertes iskol\u00e1nak. A megh\u00edv\u00f3 tartalmazza az utaz\u00e1s id\u0151pontj\u00e1t, a hozz\u00e1j\u00e1rul\u00e1s \u00f6sszeg\u00e9t, valamint egy nyomtatv\u00e1nyt, melyre a tan\u00e1r felvezeti az EUROSCOLA-programban r\u00e9sztvev\u0151 di\u00e1kok vezet\u00e9knev\u00e9t \u00e9s sz\u00fclet\u00e9si idej\u00e9t, valamint az \u0151ket k\u00eds\u00e9r\u0151 tan\u00e1rok vezet\u00e9knev\u00e9t. A lev\u00e9l tartalmazza azoknak a t\u00e9m\u00e1knak a list\u00e1j\u00e1t is, amelyeket megvitatnak a strasbourgi tal\u00e1lkoz\u00f3n.<\/p>\n<p style=\"text-align: justify;\">5.3 A csapatot felk\u00e9sz\u00edt\u0151 tan\u00e1r kiosztja a t\u00e9m\u00e1kat a csoport tagjainak. (A feladat alapos felk\u00e9sz\u00fcl\u00e9st ig\u00e9nyel, mivel a csoport tagjainak fel kell tudni sz\u00f3lalni a kapott t\u00e9m\u00e1ban). Az adott t\u00e9m\u00e1t feldolgoz\u00f3 csapatok tagjai grafikai jelz\u00e9ssel ell\u00e1tott kit\u0171z\u0151ket kapnak, ez\u00e1ltal az EUROSCOLA program alatt k\u00f6nny\u0171 lesz a r\u00e9sztvev\u0151ket csoportokba sorolni.<\/p>\n<p style=\"text-align: justify;\">5.4 A csoportoknak kiosztott, kidolgoz\u00e1sra v\u00e1r\u00f3 t\u00e9m\u00e1k \u00e9vr\u0151l \u00e9vre v\u00e1ltoznak. Lentebb p\u00e9ldak\u00e9nt felsorolunk n\u00e9h\u00e1ny t\u00e9m\u00e1t a 2010-es \u00e9vb\u0151l. K\u00e9rj\u00fck azonban, hogy v\u00e1rj\u00e1k meg az idei \u00e9vben \u00e9rv\u00e9nyes t\u00e9m\u00e1kat tartalmaz\u00f3 hivatalos levelet!<\/p>\n<p style=\"text-align: justify;\">\u201e\u00c9letre kelteni Eur\u00f3p\u00e1t\u201d csoport (jelz\u00e9s: h\u00e1romsz\u00f6g)<br \/>\nMit adhat az \u00e1ltalatok k\u00e9pviselt orsz\u00e1g az Eur\u00f3pai Uni\u00f3nak, hogy annak poz\u00edci\u00f3ja a vil\u00e1gban meger\u0151s\u00f6dj\u00f6n?<\/p>\n<p style=\"text-align: justify;\">\u201e2010 \u2013 A Szeg\u00e9nys\u00e9g \u00e9s a T\u00e1rsadalmi Kirekeszt\u00e9s Elleni K\u00fczdelem Eur\u00f3pai \u00c9ve\u201d csoport (jelz\u00e9s: rombusz)\u00a0Hogyan vonjuk be a fiatalokat ebbe a harcba? Milyen \u00e9rt\u00e9keket sz\u00fcks\u00e9ges felt\u00e9tlen\u00fcl tov\u00e1bbadni?<\/p>\n<p style=\"text-align: justify;\">\u201eTerm\u00e9szeti k\u00f6rnyezet, kl\u00edmav\u00e1ltoz\u00e1s, energia\u201d csoport (jelz\u00e9s: trap\u00e9z)\u00a0Mit kell tenni egyes szinteken a fenntarthat\u00f3 fejl\u0151d\u00e9s t\u00e1mogat\u00e1sa \u00e9s a viselked\u00e9s-v\u00e1ltoz\u00e1s el\u0151seg\u00edt\u00e9se c\u00e9lj\u00e1b\u00f3l?<\/p>\n<p style=\"text-align: justify;\">\u201eFoglalkoztat\u00e1spolitika\u201d csoport (jelz\u00e9s: ny\u00edl)\u00a0Milyen int\u00e9zked\u00e9seket sz\u00fcks\u00e9ges v\u00e9grehajtani, hogy megakad\u00e1lyozzuk a munkan\u00e9lk\u00fclis\u00e9get a fiatalok k\u00f6r\u00e9ben \u00e9s el\u0151seg\u00edts\u00fck a munkaer\u0151piacra val\u00f3 bel\u00e9p\u00e9s\u00fcket?<\/p>\n<p style=\"text-align: justify;\">\u201cDemokr\u00e1cia \u00e9s \u00e1llampolg\u00e1rs\u00e1g\u201d csoport (jelz\u00e9s: k\u00f6r)\u00a0Hogyan n\u00f6velj\u00fck polg\u00e1rt\u00e1rsaink r\u00e9szv\u00e9tel\u00e9t az Eur\u00f3pai Uni\u00f3 demokratikus \u00e9s politikai \u00e9let\u00e9ben?<\/p>\n<p style=\"text-align: justify;\">\u201eEur\u00f3pa j\u00f6v\u0151je\u201d csoport (jelz\u00e9s: n\u00e9gyzet)\u00a0Mit kellene megv\u00e1ltoztatni ahhoz, hogy Eur\u00f3pa k\u00f6zelebb legyen az \u00e1ltalatok elk\u00e9pzelt ide\u00e1lhoz?<\/p>\n<p style=\"text-align: justify;\">5.5 A felk\u00e9sz\u00fcl\u00e9st k\u00f6vet\u0151en le lehet foglalni a sz\u00e1ll\u00e1st \u00e9s a buszt. A kiutaz\u00f3 csoport ezt saj\u00e1t maga bonyol\u00edtja le, valamint az utaz\u00e1si k\u00f6lts\u00e9get is maga fizeti. A t\u00e1mogat\u00e1s kifizet\u00e9s\u00e9t az Eur\u00f3pai Parlament strasbourgi T\u00e1j\u00e9koztat\u00e1si Irod\u00e1ja int\u00e9zi.<\/p>\n<p style=\"text-align: justify;\">5.6 A csapatot elk\u00eds\u00e9rheti helyi \u00fajs\u00e1g, internetes port\u00e1l, r\u00e1di\u00f3, telev\u00edzi\u00f3 \u00fajs\u00e1g\u00edr\u00f3ja\/riportere (1 f\u0151). (Figyelem: operat\u0151r megh\u00edv\u00e1s\u00e1ra nincs lehet\u0151s\u00e9g!). Az \u00fajs\u00e1g\u00edr\u00f3 utaz\u00e1s\u00e1t \u00e9s tart\u00f3zkod\u00e1s\u00e1t szint\u00e9n az Eur\u00f3pai Parlament finansz\u00edrozza egy m\u00e1sik, a csoport k\u00f6lts\u00e9gvet\u00e9s\u00e9t nem terhel\u0151 keretb\u0151l. K\u00e9rj\u00fck, hogy a csapatot k\u00eds\u00e9r\u0151 \u00fajs\u00e1g\u00edr\u00f3 legal\u00e1bb 3 h\u00e9ttel az utaz\u00e1s id\u0151pontja el\u0151tt jelentkezzen az epstrasbourg@europarl.europa.eu email c\u00edmen, hogy a r\u00e1 vonatkoz\u00f3 k\u00f6lts\u00e9gt\u00e9r\u00edt\u00e9s megfelel\u0151 id\u0151ben elint\u00e9z\u00e9sre ker\u00fclhessen. Az \u00fajs\u00e1g\u00edr\u00f3 megh\u00edv\u00e1s\u00e1nak c\u00e9lja, hogy az EUROSCOLA-programr\u00f3l tud\u00f3s\u00edt\u00e1s k\u00e9sz\u00fclhessen, hogy az a vonatkoz\u00f3 (helyi \/ region\u00e1lis \/ orsz\u00e1gos) sajt\u00f3ban megjelenhessen. A megjelen\u00e9seket (\u00fajs\u00e1gcikkek, riportok, linkek, stb.) k\u00e9rj\u00fck az Eur\u00f3pai Parlament T\u00e1j\u00e9koztat\u00e1si Irod\u00e1ja Magyarorsz\u00e1gon r\u00e9sz\u00e9re eljuttatni a kiutaz\u00e1st k\u00f6vet\u0151en! B\u0151vebb t\u00e1j\u00e9koztat\u00e1st az Eur\u00f3pai Parlament T\u00e1j\u00e9koztat\u00e1si Irod\u00e1ja (<a href=\"mailto: epbudapest@europarl.europa.eu\">epbudapest@europarl.europa.eu<\/a>) ny\u00fajt.<\/p>\n<p style=\"text-align: justify;\">5.7. A programban val\u00f3 r\u00e9szv\u00e9tel felt\u00e9tele, hogy a programot k\u00f6vet\u0151en minden nyertes csapat egy k\u00f6r\u00fclbel\u00fcl 1-2 oldalas \u00e9lm\u00e9nybesz\u00e1mol\u00f3t \u00e9s n\u00e9h\u00e1ny k\u00e9pet juttasson el Eur\u00f3pai Parlament T\u00e1j\u00e9koztat\u00e1si Irod\u00e1ja r\u00e9sz\u00e9re az <a href=\"mailto:epbudapest@europarl.europa.eu\">epbudapest@europarl.europa.eu<\/a> email c\u00edmre.<\/p>\n<p style=\"text-align: justify;\">5.8. Az Eur\u00f3pai Parlament T\u00e1j\u00e9koztat\u00e1si Irod\u00e1ja Magyarorsz\u00e1gon fenntartja mag\u00e1nak a jogot, hogy jelen szab\u00e1lyzatot b\u00e1rmikor indokl\u00e1s vagy k\u00fcl\u00f6n \u00e9rtes\u00edt\u00e9s n\u00e9lk\u00fcl megv\u00e1ltoztassa, a j\u00e1t\u00e9kot felf\u00fcggessze, sz\u00fcneteltesse vagy megsz\u00fcntesse.<\/p>\n","protected":false},"excerpt":{"rendered":"<p>[TRANSLATE] A vet\u00e9lked\u0151 f\u0151d\u00edja a strasbourgi EUROSCOLA-programra val\u00f3 kiutaz\u00e1s t\u00e1mogat\u00e1sa. Mi t\u00f6rt\u00e9nik a nyertes csapat kiv\u00e1laszt\u00e1sa ut\u00e1n? 5.1 A program <a class=\"more-link\" href=\"https:\/\/euroscola.hu\/en\/about\/rules\/5-euroscola-online-game-first-prize\/\">[&#8230;]<\/a><\/p>\n","protected":false},"author":1,"featured_media":0,"parent":476,"menu_order":0,"comment_status":"closed","ping_status":"closed","template":"page-white-box-map.php","meta":{"footnotes":""},"class_list":["post-547","page","type-page","status-publish","hentry"],"_links":{"self":[{"href":"https:\/\/euroscola.hu\/en\/wp-json\/wp\/v2\/pages\/547","targetHints":{"allow":["GET"]}}],"collection":[{"href":"https:\/\/euroscola.hu\/en\/wp-json\/wp\/v2\/pages"}],"about":[{"href":"https:\/\/euroscola.hu\/en\/wp-json\/wp\/v2\/types\/page"}],"author":[{"embeddable":true,"href":"https:\/\/euroscola.hu\/en\/wp-json\/wp\/v2\/users\/1"}],"replies":[{"embeddable":true,"href":"https:\/\/euroscola.hu\/en\/wp-json\/wp\/v2\/comments?post=547"}],"version-history":[{"count":1,"href":"https:\/\/euroscola.hu\/en\/wp-json\/wp\/v2\/pages\/547\/revisions"}],"predecessor-version":[{"id":548,"href":"https:\/\/euroscola.hu\/en\/wp-json\/wp\/v2\/pages\/547\/revisions\/548"}],"up":[{"embeddable":true,"href":"https:\/\/euroscola.hu\/en\/wp-json\/wp\/v2\/pages\/476"}],"wp:attachment":[{"href":"https:\/\/euroscola.hu\/en\/wp-json\/wp\/v2\/media?parent=547"}],"curies":[{"name":"wp","href":"https:\/\/api.w.org\/{rel}","templated":true}]}}