{"id":549,"date":"2016-03-13T21:46:04","date_gmt":"2016-03-13T20:46:04","guid":{"rendered":"http:\/\/euroscola.hu\/en\/?page_id=549"},"modified":"2016-03-13T21:46:04","modified_gmt":"2016-03-13T20:46:04","slug":"role-of-european-parliament-information-office","status":"publish","type":"page","link":"https:\/\/euroscola.hu\/en\/about\/role-of-european-parliament-information-office\/","title":{"rendered":"Role of European Parliament Information Office"},"content":{"rendered":"<p style=\"text-align: justify;\"><strong>[TRANSLATE] Az EUROSCOLA-programra 2013-2014-es tan\u00e9vt\u0151l az Eur\u00f3pai Parlament Magyarorsz\u00e1gi T\u00e1j\u00e9koztat\u00e1si Irod\u00e1ja \u00e1ltal m\u0171k\u00f6dtetett online EUROSCOLA-j\u00e1t\u00e9kon el\u00e9rt eredm\u00e9ny alapj\u00e1n lehet beker\u00fclni.<\/strong><\/p>\n<p style=\"text-align: justify;\">Az Eur\u00f3pai Parlament az utaz\u00e1s t\u00e1mogat\u00e1s\u00e1val j\u00e1rul hozz\u00e1 a programban val\u00f3 r\u00e9szv\u00e9telhez. A t\u00e1mogat\u00e1s m\u00e9rt\u00e9ke f\u00fcgg a csoport nagys\u00e1g\u00e1t\u00f3l \u00e9s a megtett t\u00e1vols\u00e1gt\u00f3l is. A kiutaz\u00e1s teljes (sz\u00e1z sz\u00e1zal\u00e9kos) t\u00e1mogat\u00e1sa nem lehets\u00e9ges. A t\u00e1mogat\u00e1s pontos \u00f6sszeg\u00e9r\u0151l az Eur\u00f3pai Parlament strasbourgi T\u00e1j\u00e9koztat\u00e1si Irod\u00e1j\u00e1nak illet\u00e9kes koll\u00e9g\u00e1ja ny\u00fajt b\u0151vebb inform\u00e1ci\u00f3t a nyertes csapat kiv\u00e1laszt\u00e1sa ut\u00e1n.<\/p>\n<p>Inform\u00e1ci\u00f3 a weben:<br \/>\n<a class=\"link\" title=\"Az eddig kiutazott magyar csoportok besz\u00e1mol\u00f3i\" href=\"http:\/\/www.europarl.hu\/hu\/ifjusag\/euroscola\/elmenybeszamolo12.html\">Az eddig kiutazott magyar csoportok besz\u00e1mol\u00f3i<\/a><br \/>\n<a class=\"link\" title=\"Euroscola k\u00f6zponti weboldala\" href=\"http:\/\/www.europarl.europa.eu\/euroscola\/view\/en\/index.html\">EUROSCOLA k\u00f6zponti weboldala<\/a><br \/>\n<a class=\"link\" title=\"Euroscola a Facebookon\" href=\"https:\/\/www.facebook.com\/euroscola\">EUROSCOLA a Facebookon<\/a><\/p>\n","protected":false},"excerpt":{"rendered":"<p>[TRANSLATE] Az EUROSCOLA-programra 2013-2014-es tan\u00e9vt\u0151l az Eur\u00f3pai Parlament Magyarorsz\u00e1gi T\u00e1j\u00e9koztat\u00e1si Irod\u00e1ja \u00e1ltal m\u0171k\u00f6dtetett online EUROSCOLA-j\u00e1t\u00e9kon el\u00e9rt eredm\u00e9ny alapj\u00e1n lehet beker\u00fclni. <a class=\"more-link\" href=\"https:\/\/euroscola.hu\/en\/about\/role-of-european-parliament-information-office\/\">[&#8230;]<\/a><\/p>\n","protected":false},"author":1,"featured_media":0,"parent":474,"menu_order":0,"comment_status":"closed","ping_status":"closed","template":"page-white-box-map.php","meta":{"footnotes":""},"class_list":["post-549","page","type-page","status-publish","hentry"],"_links":{"self":[{"href":"https:\/\/euroscola.hu\/en\/wp-json\/wp\/v2\/pages\/549","targetHints":{"allow":["GET"]}}],"collection":[{"href":"https:\/\/euroscola.hu\/en\/wp-json\/wp\/v2\/pages"}],"about":[{"href":"https:\/\/euroscola.hu\/en\/wp-json\/wp\/v2\/types\/page"}],"author":[{"embeddable":true,"href":"https:\/\/euroscola.hu\/en\/wp-json\/wp\/v2\/users\/1"}],"replies":[{"embeddable":true,"href":"https:\/\/euroscola.hu\/en\/wp-json\/wp\/v2\/comments?post=549"}],"version-history":[{"count":1,"href":"https:\/\/euroscola.hu\/en\/wp-json\/wp\/v2\/pages\/549\/revisions"}],"predecessor-version":[{"id":550,"href":"https:\/\/euroscola.hu\/en\/wp-json\/wp\/v2\/pages\/549\/revisions\/550"}],"up":[{"embeddable":true,"href":"https:\/\/euroscola.hu\/en\/wp-json\/wp\/v2\/pages\/474"}],"wp:attachment":[{"href":"https:\/\/euroscola.hu\/en\/wp-json\/wp\/v2\/media?parent=549"}],"curies":[{"name":"wp","href":"https:\/\/api.w.org\/{rel}","templated":true}]}}