{"id":551,"date":"2016-03-13T21:46:29","date_gmt":"2016-03-13T20:46:29","guid":{"rendered":"http:\/\/euroscola.hu\/en\/?page_id=551"},"modified":"2016-03-13T21:46:29","modified_gmt":"2016-03-13T20:46:29","slug":"a-typical-day-in-euroscola-program","status":"publish","type":"page","link":"https:\/\/euroscola.hu\/en\/about\/a-typical-day-in-euroscola-program\/","title":{"rendered":"A typical day in EUROSCOLA program"},"content":{"rendered":"<p>[TRANSLATE] 8.30:<br \/>\n&#8211; A r\u00e9sztvev\u0151k \u00e9rkez\u00e9se az Eur\u00f3pai Parlament &#8220;Louise Weiss&#8221; \u00e9p\u00fclet\u00e9be<br \/>\n&#8211; Biztons\u00e1gi ellen\u0151rz\u00e9s<br \/>\n&#8211; A fiatalok fogad\u00e1sa<br \/>\n&#8211; A kit\u0171z\u0151k \u00e9s a napi program kioszt\u00e1sa<\/p>\n<p>9.15:<br \/>\n&#8211; K\u00f6z\u00f6s reggeli minden r\u00e9szvev\u0151vel<br \/>\n&#8211; A napi program bemutat\u00e1sa \u00e9s magyar\u00e1zata<br \/>\n&#8211; T\u00f6bbnyelv\u0171 munkacsoportok kialak\u00edt\u00e1sa \u00e9s a r\u00e9szvev\u0151k eloszt\u00e1sa<\/p>\n<p>10.00:<br \/>\n&#8211; Az Eur\u00f3pai Parlament \u00fcl\u00e9sterme (Louise Weiss \u00e9p\u00fclet)<br \/>\n&#8211; A fiatalok elfoglalj\u00e1k az eur\u00f3pai k\u00e9pvisel\u0151k helyeit<br \/>\n&#8211; \u00dcdv\u00f6zl\u0151 besz\u00e9d<br \/>\n&#8211; Az Eur\u00f3pai Parlament Igazgat\u00f3i bemutatj\u00e1k az Eur\u00f3pai Parlamentet \u00e9s az Eur\u00f3pai Uni\u00f3t<br \/>\n&#8211; Egy tanul\u00f3 bemutatja saj\u00e1t iskol\u00e1j\u00e1t (iskol\u00e1nk\u00e9nt egy perc)<br \/>\n&#8211; K\u00f6zv\u00e9lem\u00e9ny-kutat\u00e1s<br \/>\n&#8211; K\u00e9rd\u00e9sek \/ Vita az eur\u00f3pai berendezked\u00e9sr\u0151l<br \/>\n&#8211; F\u00e9nyk\u00e9p<\/p>\n<p>12.45:<br \/>\n&#8211; Eb\u00e9dmegh\u00edv\u00e1s az Eur\u00f3pai Parlament \u00e9tterm\u00e9be<br \/>\n&#8211; Az &#8220;Euroj\u00e1t\u00e9k&#8221; kezdete \u00e9s a n\u00e9gy j\u00e1t\u00e9kosb\u00f3l \u00e1ll\u00f3 csapatok kialak\u00edt\u00e1sa<\/p>\n<p>14.00:<br \/>\n&#8211; A munkacsoportok \u00fcl\u00e9sez\u00e9se a bizotts\u00e1gi termekben: a fiatalok eszmecser\u00e9t folytatnak \u00e9s megvitatj\u00e1k n\u00e9z\u0151pontjukat a legfontosabb eur\u00f3pai t\u00e9m\u00e1kr\u00f3l, amelyekre m\u00e1r el\u0151z\u0151leg felk\u00e9sz\u00fcltek. Maguk k\u00f6z\u00fcl sz\u00f3viv\u0151t \u00e9s \u00edrnokot v\u00e1lasztanak.<br \/>\n&#8211; Gy\u0171l\u00e9s minden tan\u00e1rral \u00e9s egy igazgat\u00f3val.<\/p>\n<p>16.00:<br \/>\n&#8211; Az Eur\u00f3pai Parlament \u00fcl\u00e9sterme: ny\u00edlt \u00fcl\u00e9s, a munkacsoportokban kialak\u00edtott besz\u00e1mol\u00f3k bemutat\u00e1sa<br \/>\n&#8211; A javaslatok \u00f6sszegz\u00e9se<br \/>\n&#8211; Az &#8220;Euroj\u00e1t\u00e9k&#8221; d\u00f6nt\u0151je \u00e9s a jutalmak kioszt\u00e1sa<br \/>\n&#8211; Az &#8220;EUROSCOLA&#8221; bizony\u00edtv\u00e1nyok kioszt\u00e1sa<br \/>\n&#8211; Eur\u00f3pai himnusz<\/p>\n<p>18.00:<br \/>\n&#8211; Hazaindul\u00e1s<\/p>\n","protected":false},"excerpt":{"rendered":"<p>[TRANSLATE] 8.30: &#8211; A r\u00e9sztvev\u0151k \u00e9rkez\u00e9se az Eur\u00f3pai Parlament &#8220;Louise Weiss&#8221; \u00e9p\u00fclet\u00e9be &#8211; Biztons\u00e1gi ellen\u0151rz\u00e9s &#8211; A fiatalok fogad\u00e1sa &#8211; <a class=\"more-link\" href=\"https:\/\/euroscola.hu\/en\/about\/a-typical-day-in-euroscola-program\/\">[&#8230;]<\/a><\/p>\n","protected":false},"author":1,"featured_media":0,"parent":474,"menu_order":0,"comment_status":"closed","ping_status":"closed","template":"page-white-box-map.php","meta":{"footnotes":""},"class_list":["post-551","page","type-page","status-publish","hentry"],"_links":{"self":[{"href":"https:\/\/euroscola.hu\/en\/wp-json\/wp\/v2\/pages\/551","targetHints":{"allow":["GET"]}}],"collection":[{"href":"https:\/\/euroscola.hu\/en\/wp-json\/wp\/v2\/pages"}],"about":[{"href":"https:\/\/euroscola.hu\/en\/wp-json\/wp\/v2\/types\/page"}],"author":[{"embeddable":true,"href":"https:\/\/euroscola.hu\/en\/wp-json\/wp\/v2\/users\/1"}],"replies":[{"embeddable":true,"href":"https:\/\/euroscola.hu\/en\/wp-json\/wp\/v2\/comments?post=551"}],"version-history":[{"count":1,"href":"https:\/\/euroscola.hu\/en\/wp-json\/wp\/v2\/pages\/551\/revisions"}],"predecessor-version":[{"id":552,"href":"https:\/\/euroscola.hu\/en\/wp-json\/wp\/v2\/pages\/551\/revisions\/552"}],"up":[{"embeddable":true,"href":"https:\/\/euroscola.hu\/en\/wp-json\/wp\/v2\/pages\/474"}],"wp:attachment":[{"href":"https:\/\/euroscola.hu\/en\/wp-json\/wp\/v2\/media?parent=551"}],"curies":[{"name":"wp","href":"https:\/\/api.w.org\/{rel}","templated":true}]}}